{"id":1560,"date":"2015-04-30T14:03:14","date_gmt":"2015-04-30T14:03:14","guid":{"rendered":"http:\/\/solaris.themerex.net\/?page_id=1560"},"modified":"2023-05-14T15:09:55","modified_gmt":"2023-05-14T12:09:55","slug":"homepage","status":"publish","type":"page","link":"https:\/\/www.cleanstepcatlitter.com\/en\/","title":{"rendered":"Homepage"},"content":{"rendered":"<div class=\"vc_row wpb_row vc_row-fluid\"><div class=\"wpb_column vc_column_container vc_col-sm-12\"><div class=\"vc_column-inner\"><div class=\"wpb_wrapper\"><!-- #TRX_GAP_START# --><div class=\"sc_section\" style=\"background-color:#f5f9fa;\"><div class=\"sc_section_overlay\" style=\"\"><div class=\"sc_section_content\"><h2 class=\"sc_title sc_title_underline sc_align_center\" style=\"margin-top:0px;margin-bottom:0.6em;text-align:center;color:#dd9933;font-weight:600;\">Ultra Premium Cat Litter<\/h2><div class=\"sc_section aligncenter\" style=\"margin-bottom:5em !important;color:#6d8192;font-size:14px; line-height: 1.6em;font-weight:400;\">\n\t<div class=\"wpb_text_column wpb_content_element\" >\n\t\t<div class=\"wpb_wrapper\">\n\t\t\t<p>Activated carbon is used as in the super premium series. But it is designed for those looking for a faster and more effective solution. Activated carbon is not only in the form of granules, but also processed into bentonite sands, providing a more effective agglomeration and odor retention. Apart from activated carbon, it offers different solution methods thanks to its bicarbonate option.<\/p>\n\n\t\t<\/div>\n\t<\/div>\n<\/div><div class=\"woocommerce columns-4\"><ul class=\"products columns-4\">\n<li class=\"product type-product post-754 status-publish first instock product_cat-ultrapremium product_tag-extra product_tag-kedi product_tag-kedikumu product_tag-kum product_tag-kutu product_tag-strong has-post-thumbnail shipping-taxable product-type-simple\">\n\t<\/li>\n<li class=\"product type-product post-753 status-publish instock product_cat-ultrapremium product_tag-cats product_tag-duty product_tag-ferahlik product_tag-fresh product_tag-kedi product_tag-kedikumu product_tag-kum product_tag-kutu product_tag-popular has-post-thumbnail shipping-taxable product-type-simple\">\n\t<\/li>\n<li class=\"product type-product post-749 status-publish instock product_cat-ultrapremium product_tag-cats product_tag-kedi product_tag-kedikumu product_tag-kum product_tag-kutu product_tag-popular has-post-thumbnail shipping-taxable product-type-simple\">\n\t<\/li>\n<li class=\"product type-product post-752 status-publish last instock product_cat-ultrapremium product_tag-cats product_tag-control product_tag-in-stock product_tag-kedi product_tag-kedikumu product_tag-kum product_tag-kutu product_tag-odor product_tag-perfect has-post-thumbnail shipping-taxable product-type-simple\">\n\t<\/li>\n<\/ul>\n<\/div><\/div><\/div><\/div><!-- #TRX_GAP_END# --><\/div><\/div><\/div><\/div><div data-vc-full-width=\"true\" data-vc-full-width-init=\"false\" data-vc-stretch-content=\"true\" class=\"vc_row wpb_row vc_row-fluid vc_custom_1681326150383 vc_row-has-fill\"><div class=\"wpb_column vc_column_container vc_col-sm-12\"><div class=\"vc_column-inner\"><div class=\"wpb_wrapper\"><div class=\"columns_wrap sc_columns columns_fluid sc_columns_count_2\" style=\"margin-top:4em;\"><div class=\"column-1_2 sc_column_item sc_column_item_1 odd first\"><figure class=\"sc_image  aligncenter sc_image_shape_square\"><img decoding=\"async\" src=\"https:\/\/www.cleanstepcatlitter.com\/wp-content\/uploads\/2023\/04\/product112.png\" alt=\"\" \/><\/figure><\/div><div class=\"column-1_2 sc_column_item sc_column_item_2 even\" style=\"text-align:center;\"><h2 class=\"sc_title sc_title_regular main_color\" style=\"margin-top:0.4em;margin-bottom:0.8em;color:#dd9933;font-weight:600;\">Super Premium Cat Litter<\/h2><div class=\"sc_section accent_color\" style=\"margin-bottom:1.9em !important;font-size:14px; line-height: 1.6em;font-weight:600;\">\n\t<div class=\"wpb_text_column wpb_content_element\" >\n\t\t<div class=\"wpb_wrapper\">\n\t\t\t<p>High quality sand is used as worked in the Premium series. For our consumers who complain about heavy odors and cannot find a solution, their odor retention feature has been increased by using carbon granules created by using activated carbon technology.<\/p>\n\n\t\t<\/div>\n\t<\/div>\n<\/div><div class=\"sc_image_wrap sc_image_hover_link  aligncenter\" style=\"margin-top:5em !important;\"><a href=\"https:\/\/www.cleanstepcatlitter.com\/en\/product-category\/superpremium\/\" class=\"sc_image  sc_image_shape_square\"><img decoding=\"async\" src=\"https:\/\/www.cleanstepcatlitter.com\/wp-content\/uploads\/2023\/04\/VIEW.png\" alt=\"\" \/><span class=\"hoverShadow\"><\/span><span class=\"hover_link icon-plus-2\"><\/span><\/a><\/div><\/div><\/div><\/div><\/div><\/div><\/div><div class=\"vc_row-full-width vc_clearfix\"><\/div><div data-vc-full-width=\"true\" data-vc-full-width-init=\"false\" data-vc-stretch-content=\"true\" class=\"vc_row wpb_row vc_row-fluid\"><div class=\"wpb_column vc_column_container vc_col-sm-12\"><div class=\"vc_column-inner\"><div class=\"wpb_wrapper\"><div class=\"columns_wrap sc_columns columns_fluid sc_columns_count_2\" style=\"margin-top:4em;\"><div class=\"column-1_2 sc_column_item sc_column_item_1 odd first\" style=\"text-align:center;\"><h2 class=\"sc_title sc_title_regular main_color\" style=\"margin-top:0.4em;margin-bottom:0.8em;color:#dd9933;font-weight:600;\">Premium Cat Litter<\/h2><div class=\"sc_section accent_color\" style=\"margin-bottom:1.9em !important;font-size:14px; line-height: 1.6em;font-weight:600;\">\n\t<div class=\"wpb_text_column wpb_content_element\" >\n\t\t<div class=\"wpb_wrapper\">\n\t\t\t<p>Premium series is white bentonite series. Unlike bentonites in the market, it is better baked and grain sizes are better organized. In this way, it provides better and more clumping and higher odor retention than other sands. There are scented and unscented options according to your request.<\/p>\n\n\t\t<\/div>\n\t<\/div>\n<\/div><div class=\"sc_image_wrap sc_image_hover_link  aligncenter\" style=\"margin-top:5em !important;\"><a href=\"https:\/\/www.cleanstepcatlitter.com\/en\/product-category\/premium\/\" class=\"sc_image  sc_image_shape_square\"><img decoding=\"async\" src=\"https:\/\/www.cleanstepcatlitter.com\/wp-content\/uploads\/2023\/04\/VIEW.png\" alt=\"\" \/><span class=\"hoverShadow\"><\/span><span class=\"hover_link icon-plus-2\"><\/span><\/a><\/div><\/div><div class=\"column-1_2 sc_column_item sc_column_item_2 even\"><figure class=\"sc_image  aligncenter sc_image_shape_square\"><img decoding=\"async\" src=\"https:\/\/www.cleanstepcatlitter.com\/wp-content\/uploads\/2023\/04\/5.png\" alt=\"\" \/><\/figure><\/div><\/div><\/div><\/div><\/div><\/div><div class=\"vc_row-full-width vc_clearfix\"><\/div>","protected":false},"excerpt":{"rendered":"Ultra Premium Kedi Kumu Super premium serisindeki gibi aktif karbon kullan\u0131lm\u0131\u015ft\u0131r. Fakat daha h\u0131zl\u0131 ve daha etkili \u00e7\u00f6z\u00fcm arayanlar i\u00e7in tasarlanm\u0131\u015ft\u0131r. Aktif karbon gran\u00fcl sadece halinde de\u011fil ayn\u0131 zamanda bentonit kumlar\u0131n i\u00e7ine i\u015flenerek daha etkili bir topaklanma ve koku muhafazas\u0131 sa\u011flanmaktad\u0131r. Aktif karbon d\u0131\u015f\u0131nda bikarbonat se\u00e7ene\u011fi sayesinde farkl\u0131 \u00e7\u00f6z\u00fcm y\u00f6ntemleri sunmaktad\u0131r. S\u00fcper Premium Kedi Kumu [...]","protected":false},"author":1,"featured_media":0,"parent":0,"menu_order":0,"comment_status":"open","ping_status":"open","template":"","meta":{"footnotes":""},"class_list":["post-1560","page","type-page","status-publish","hentry"],"_links":{"self":[{"href":"https:\/\/www.cleanstepcatlitter.com\/en\/wp-json\/wp\/v2\/pages\/1560","targetHints":{"allow":["GET"]}}],"collection":[{"href":"https:\/\/www.cleanstepcatlitter.com\/en\/wp-json\/wp\/v2\/pages"}],"about":[{"href":"https:\/\/www.cleanstepcatlitter.com\/en\/wp-json\/wp\/v2\/types\/page"}],"author":[{"embeddable":true,"href":"https:\/\/www.cleanstepcatlitter.com\/en\/wp-json\/wp\/v2\/users\/1"}],"replies":[{"embeddable":true,"href":"https:\/\/www.cleanstepcatlitter.com\/en\/wp-json\/wp\/v2\/comments?post=1560"}],"version-history":[{"count":66,"href":"https:\/\/www.cleanstepcatlitter.com\/en\/wp-json\/wp\/v2\/pages\/1560\/revisions"}],"predecessor-version":[{"id":4180,"href":"https:\/\/www.cleanstepcatlitter.com\/en\/wp-json\/wp\/v2\/pages\/1560\/revisions\/4180"}],"wp:attachment":[{"href":"https:\/\/www.cleanstepcatlitter.com\/en\/wp-json\/wp\/v2\/media?parent=1560"}],"curies":[{"name":"wp","href":"https:\/\/api.w.org\/{rel}","templated":true}]}}